{"id":79,"date":"2019-03-10T20:11:54","date_gmt":"2019-03-10T19:11:54","guid":{"rendered":"https:\/\/www-idm.com\/?page_id=79"},"modified":"2019-03-10T20:11:54","modified_gmt":"2019-03-10T19:11:54","slug":"about","status":"publish","type":"page","link":"https:\/\/www-idm.com\/en\/about\/","title":{"rendered":"About"},"content":{"rendered":"<p class=\"translation-block\"><strong>www-idm.com<\/strong> is just a blog that publishes tutorials on the famous <strong>Internet Download Manager Download<\/strong>.<\/p><div class=\"59e50f37b6fba3a452c6aefe2d993384\" data-index=\"1\" style=\"float: none; margin:1px 0 1px 0; text-align:center;\">\n<!-- Adsense Head \/\/-->\r\n<script async src=\"https:\/\/pagead2.googlesyndication.com\/pagead\/js\/adsbygoogle.js?client=ca-pub-9022887918925604\"\r\n     crossorigin=\"anonymous\"><\/script>\r\n<ins class=\"adsbygoogle\"\r\n     style=\"display:block\"\r\n     data-ad-client=\"ca-pub-9022887918925604\"\r\n     data-ad-slot=\"1299884202\"\r\n     data-ad-format=\"auto\"\r\n     data-full-width-responsive=\"true\"><\/ins>\r\n<script>\r\n     (adsbygoogle = window.adsbygoogle || []).push({});\r\n<\/script>\n<\/div>\n\n<p class=\"translation-block\">We hope you take full advantage of <a href=\"https:\/\/www-idm.com\/en\/\" target=\"_self\"><strong>IDM free for life<\/strong><\/a> with crack we provided you.<\/p>\n<p class=\"translation-block\">Do you have any questions? : <a href=\"https:\/\/www-idm.com\/en\/contact\/\" target=\"_self\">Contact us<\/a>.<\/p>\n\n<div style=\"font-size: 0px; height: 0px; line-height: 0px; margin: 0; padding: 0; clear: both;\"><\/div>","protected":false},"excerpt":{"rendered":"<p>www-idm.com is just a blog that publishes tutorials on the famous Internet Download Manager Download.<\/p>","protected":false},"author":2,"featured_media":0,"parent":0,"menu_order":0,"comment_status":"closed","ping_status":"closed","template":"","meta":{"jetpack_post_was_ever_published":false,"footnotes":""},"class_list":["post-79","page","type-page","status-publish","hentry"],"yoast_head":"<!-- This site is optimized with the Yoast SEO plugin v27.4 - https:\/\/yoast.com\/product\/yoast-seo-wordpress\/ -->\n<title>A Propos &#183; Internet Download Manager<\/title>\n<meta name=\"robots\" content=\"index, follow, max-snippet:-1, max-image-preview:large, max-video-preview:-1\" \/>\n<link rel=\"canonical\" href=\"https:\/\/www-idm.com\/en\/about\/\" \/>\n<meta property=\"og:locale\" content=\"en_US\" \/>\n<meta property=\"og:type\" content=\"article\" \/>\n<meta property=\"og:title\" content=\"A Propos &#183; Internet Download Manager\" \/>\n<meta property=\"og:description\" content=\"www-idm.com est juste un blog qui publie les tutoriels sur le c\u00e9l\u00e8bre logiciel des t\u00e9l\u00e9chargements Internet Download Manager. Nous esp\u00e9rons que vous profitez pleinement de IDM gratuit \u00e0 vie grace au crack que nous vous fournissons. Vous avez des questions ? : Nous contacter.\" \/>\n<meta property=\"og:url\" content=\"https:\/\/www-idm.com\/en\/about\/\" \/>\n<meta property=\"og:site_name\" content=\"Internet Download Manager\" \/>\n<meta name=\"twitter:card\" content=\"summary_large_image\" \/>\n<script type=\"application\/ld+json\" class=\"yoast-schema-graph\">{\"@context\":\"https:\\\/\\\/schema.org\",\"@graph\":[{\"@type\":\"WebPage\",\"@id\":\"https:\\\/\\\/www-idm.com\\\/about\\\/\",\"url\":\"https:\\\/\\\/www-idm.com\\\/about\\\/\",\"name\":\"A Propos &#183; Internet Download Manager\",\"isPartOf\":{\"@id\":\"https:\\\/\\\/www-idm.com\\\/#website\"},\"datePublished\":\"2019-03-10T19:11:54+00:00\",\"breadcrumb\":{\"@id\":\"https:\\\/\\\/www-idm.com\\\/about\\\/#breadcrumb\"},\"inLanguage\":\"en-US\",\"potentialAction\":[{\"@type\":\"ReadAction\",\"target\":[\"https:\\\/\\\/www-idm.com\\\/about\\\/\"]}]},{\"@type\":\"BreadcrumbList\",\"@id\":\"https:\\\/\\\/www-idm.com\\\/about\\\/#breadcrumb\",\"itemListElement\":[{\"@type\":\"ListItem\",\"position\":1,\"name\":\"Accueil\",\"item\":\"https:\\\/\\\/www-idm.com\\\/\"},{\"@type\":\"ListItem\",\"position\":2,\"name\":\"A Propos\"}]},{\"@type\":\"WebSite\",\"@id\":\"https:\\\/\\\/www-idm.com\\\/#website\",\"url\":\"https:\\\/\\\/www-idm.com\\\/\",\"name\":\"Internet Download Manager\",\"description\":\"Accueil\",\"publisher\":{\"@id\":\"https:\\\/\\\/www-idm.com\\\/#organization\"},\"potentialAction\":[{\"@type\":\"SearchAction\",\"target\":{\"@type\":\"EntryPoint\",\"urlTemplate\":\"https:\\\/\\\/www-idm.com\\\/?s={search_term_string}\"},\"query-input\":{\"@type\":\"PropertyValueSpecification\",\"valueRequired\":true,\"valueName\":\"search_term_string\"}}],\"inLanguage\":\"en-US\"},{\"@type\":\"Organization\",\"@id\":\"https:\\\/\\\/www-idm.com\\\/#organization\",\"name\":\"Internet Download Manager\",\"url\":\"https:\\\/\\\/www-idm.com\\\/\",\"logo\":{\"@type\":\"ImageObject\",\"inLanguage\":\"en-US\",\"@id\":\"https:\\\/\\\/www-idm.com\\\/#\\\/schema\\\/logo\\\/image\\\/\",\"url\":\"https:\\\/\\\/i2.wp.com\\\/www-idm.com\\\/wp-content\\\/uploads\\\/2019\\\/11\\\/www-idm.com-logo.png?fit=500%2C500&ssl=1\",\"contentUrl\":\"https:\\\/\\\/i2.wp.com\\\/www-idm.com\\\/wp-content\\\/uploads\\\/2019\\\/11\\\/www-idm.com-logo.png?fit=500%2C500&ssl=1\",\"width\":500,\"height\":500,\"caption\":\"Internet Download Manager\"},\"image\":{\"@id\":\"https:\\\/\\\/www-idm.com\\\/#\\\/schema\\\/logo\\\/image\\\/\"}}]}<\/script>\n<!-- \/ Yoast SEO plugin. -->","yoast_head_json":{"title":"A Propos &#183; Internet Download Manager","robots":{"index":"index","follow":"follow","max-snippet":"max-snippet:-1","max-image-preview":"max-image-preview:large","max-video-preview":"max-video-preview:-1"},"canonical":"https:\/\/www-idm.com\/en\/about\/","og_locale":"en_US","og_type":"article","og_title":"A Propos &#183; Internet Download Manager","og_description":"www-idm.com est juste un blog qui publie les tutoriels sur le c\u00e9l\u00e8bre logiciel des t\u00e9l\u00e9chargements Internet Download Manager. Nous esp\u00e9rons que vous profitez pleinement de IDM gratuit \u00e0 vie grace au crack que nous vous fournissons. Vous avez des questions ? : Nous contacter.","og_url":"https:\/\/www-idm.com\/en\/about\/","og_site_name":"Internet Download Manager","twitter_card":"summary_large_image","schema":{"@context":"https:\/\/schema.org","@graph":[{"@type":"WebPage","@id":"https:\/\/www-idm.com\/about\/","url":"https:\/\/www-idm.com\/about\/","name":"A Propos &#183; Internet Download Manager","isPartOf":{"@id":"https:\/\/www-idm.com\/#website"},"datePublished":"2019-03-10T19:11:54+00:00","breadcrumb":{"@id":"https:\/\/www-idm.com\/about\/#breadcrumb"},"inLanguage":"en-US","potentialAction":[{"@type":"ReadAction","target":["https:\/\/www-idm.com\/about\/"]}]},{"@type":"BreadcrumbList","@id":"https:\/\/www-idm.com\/about\/#breadcrumb","itemListElement":[{"@type":"ListItem","position":1,"name":"Accueil","item":"https:\/\/www-idm.com\/"},{"@type":"ListItem","position":2,"name":"A Propos"}]},{"@type":"WebSite","@id":"https:\/\/www-idm.com\/#website","url":"https:\/\/www-idm.com\/","name":"Internet Download Manager","description":"Home","publisher":{"@id":"https:\/\/www-idm.com\/#organization"},"potentialAction":[{"@type":"SearchAction","target":{"@type":"EntryPoint","urlTemplate":"https:\/\/www-idm.com\/?s={search_term_string}"},"query-input":{"@type":"PropertyValueSpecification","valueRequired":true,"valueName":"search_term_string"}}],"inLanguage":"en-US"},{"@type":"Organization","@id":"https:\/\/www-idm.com\/#organization","name":"Internet Download Manager","url":"https:\/\/www-idm.com\/","logo":{"@type":"ImageObject","inLanguage":"en-US","@id":"https:\/\/www-idm.com\/#\/schema\/logo\/image\/","url":"https:\/\/i2.wp.com\/www-idm.com\/wp-content\/uploads\/2019\/11\/www-idm.com-logo.png?fit=500%2C500&ssl=1","contentUrl":"https:\/\/i2.wp.com\/www-idm.com\/wp-content\/uploads\/2019\/11\/www-idm.com-logo.png?fit=500%2C500&ssl=1","width":500,"height":500,"caption":"Internet Download Manager"},"image":{"@id":"https:\/\/www-idm.com\/#\/schema\/logo\/image\/"}}]}},"jetpack_sharing_enabled":true,"jetpack_shortlink":"https:\/\/wp.me\/PaMHKG-1h","_links":{"self":[{"href":"https:\/\/www-idm.com\/en\/wp-json\/wp\/v2\/pages\/79","targetHints":{"allow":["GET"]}}],"collection":[{"href":"https:\/\/www-idm.com\/en\/wp-json\/wp\/v2\/pages"}],"about":[{"href":"https:\/\/www-idm.com\/en\/wp-json\/wp\/v2\/types\/page"}],"author":[{"embeddable":true,"href":"https:\/\/www-idm.com\/en\/wp-json\/wp\/v2\/users\/2"}],"replies":[{"embeddable":true,"href":"https:\/\/www-idm.com\/en\/wp-json\/wp\/v2\/comments?post=79"}],"version-history":[{"count":0,"href":"https:\/\/www-idm.com\/en\/wp-json\/wp\/v2\/pages\/79\/revisions"}],"wp:attachment":[{"href":"https:\/\/www-idm.com\/en\/wp-json\/wp\/v2\/media?parent=79"}],"curies":[{"name":"wp","href":"https:\/\/api.w.org\/{rel}","templated":true}]}}