{"id":460,"date":"2024-01-01T14:47:00","date_gmt":"2024-01-01T13:47:00","guid":{"rendered":"https:\/\/www-idm.com\/?page_id=460"},"modified":"2024-12-15T15:41:55","modified_gmt":"2024-12-15T14:41:55","slug":"idm-trial-reset","status":"publish","type":"page","link":"https:\/\/www-idm.com\/en\/idm-trial-reset\/","title":{"rendered":"T\u00e9l\u00e9charger IDM Trial Reset 2025 \u2013 Utiliser IDM Gratuit \u00e0 Vie"},"content":{"rendered":"<p class=\"translation-block\">Today I present you a software that allows you to reset the trial version of any version of IDM. This is <strong>IDM Trial Reset<\/strong>.<\/p><div class=\"59e50f37b6fba3a452c6aefe2d993384\" data-index=\"1\" style=\"float: none; margin:1px 0 1px 0; text-align:center;\">\n<!-- Adsense Head \/\/-->\r\n<script async src=\"https:\/\/pagead2.googlesyndication.com\/pagead\/js\/adsbygoogle.js?client=ca-pub-9022887918925604\"\r\n     crossorigin=\"anonymous\"><\/script>\r\n<ins class=\"adsbygoogle\"\r\n     style=\"display:block\"\r\n     data-ad-client=\"ca-pub-9022887918925604\"\r\n     data-ad-slot=\"1299884202\"\r\n     data-ad-format=\"auto\"\r\n     data-full-width-responsive=\"true\"><\/ins>\r\n<script>\r\n     (adsbygoogle = window.adsbygoogle || []).push({});\r\n<\/script>\n<\/div>\n\n\n\n\n<!--more-->\n\n\n\n<h2 class=\"wp-block-heading\" id=\"presentation-idm-trial-reset\">IDM Trial Reset Overview<\/h2>\n\n\n\n<p class=\"translation-block\"><a href=\"\/en\/\" target=\"_self\">Internet Download Manager<\/a> is one of the best download managers on Windows. However, it is free only for a 30-day trial period. IDM Trial Reset is the tool that allows you to reset this trial period as many times as you want.<\/p>\n\n\n\n<p class=\"translation-block\">With <strong>IDM Trial Reset<\/strong>, you can use the best download manager, Internet Download Manager, for free for life, without paying anything; just by resetting the trial period. IDM Trial Reset also allows you to register or crack Internet Download Manager.<\/p>\n\n\n\n<h2 class=\"wp-block-heading\" id=\"telecharger-idm-trial-reset-2022\">T\u00e9l\u00e9charger IDM Trial Reset 2025<\/h2>\n\n\n\n<p>Cliquer sur le bouton ci-dessous pour t\u00e9l\u00e9charger la derni\u00e8re version de IDM Trial Reset 2025.<\/p>\n\n\n\n<div class=\"wp-block-buttons alignfull is-content-justification-center is-layout-flex wp-container-core-buttons-is-layout-16018d1d wp-block-buttons-is-layout-flex\">\n<div class=\"wp-block-button aligncenter\"><a class=\"wp-block-button__link wp-element-button\" href=\"https:\/\/www-idm.com\/en\/trialreset\/\" target=\"_blank\" rel=\"noreferrer noopener\">T\u00e9l\u00e9charger IDM Trial Reset<\/a><\/div>\n<\/div>\n\n\n\n<p class=\"translation-block\">File password : <strong>idm<\/strong><\/p>\n\n\n\n<h2 class=\"wp-block-heading\" id=\"comment-reinitialiser-la-periode-d-essai-de-idm-avec-idm-trial-reset\">How to Reset IDM Trial Period with IDM Trial Reset<\/h2>\n\n\n\n<ol class=\"wp-block-list\">\n<li>Close <strong>Internet Download Manager<\/strong><\/li>\n\n\n\n<li class=\"translation-block\">Extract the <strong>Trial.Reset.zip<\/strong> archive with a compression software such as WinRAR or WinZip.<\/li>\n\n\n\n<li>Launch <strong>IDM Trial Reset.exe<\/strong>, Aller dans l\u2019onglet \u00ab&nbsp;Trial Reset&nbsp;\u00bb, cocher \u00ab&nbsp;Automatically&nbsp;\u00bb, ensuite cliquer sur \u00ab&nbsp;Reset the IDM Trial Now&nbsp;\u00bb.<\/li>\n<\/ol>\n\n\n<div class=\"wp-block-image\">\n<figure class=\"aligncenter size-full\"><img data-recalc-dims=\"1\" loading=\"lazy\" decoding=\"async\" width=\"438\" height=\"203\" src=\"https:\/\/i0.wp.com\/www-idm.com\/wp-content\/uploads\/2022\/02\/Reset-The-IDM-Trial-Now.png?resize=438%2C203&#038;ssl=1\" alt=\"\" class=\"wp-image-1071\" srcset=\"https:\/\/i0.wp.com\/www-idm.com\/wp-content\/uploads\/2022\/02\/Reset-The-IDM-Trial-Now.png?w=438&amp;ssl=1 438w, https:\/\/i0.wp.com\/www-idm.com\/wp-content\/uploads\/2022\/02\/Reset-The-IDM-Trial-Now.png?resize=300%2C139&amp;ssl=1 300w\" sizes=\"auto, (max-width: 438px) 100vw, 438px\" \/><\/figure>\n<\/div>\n\n\n<p> Vous venez de r\u00e9initialiser la p\u00e9riode d\u2019essai de Internet Download Manager, Elle se r\u00e9initialisera automatiquement comme vous avez coch\u00e9 la case \u00ab&nbsp;Automatically&nbsp;\u00bb. <\/p>\n\n\n<div class=\"wp-block-image\">\n<figure class=\"aligncenter size-full\"><img data-recalc-dims=\"1\" loading=\"lazy\" decoding=\"async\" width=\"616\" height=\"373\" src=\"https:\/\/i0.wp.com\/www-idm.com\/wp-content\/uploads\/2022\/02\/IDM-Version-Non-Enregistre.png?resize=616%2C373&#038;ssl=1\" alt=\"\" class=\"wp-image-1072\" srcset=\"https:\/\/i0.wp.com\/www-idm.com\/wp-content\/uploads\/2022\/02\/IDM-Version-Non-Enregistre.png?w=965&amp;ssl=1 965w, https:\/\/i0.wp.com\/www-idm.com\/wp-content\/uploads\/2022\/02\/IDM-Version-Non-Enregistre.png?resize=300%2C182&amp;ssl=1 300w, https:\/\/i0.wp.com\/www-idm.com\/wp-content\/uploads\/2022\/02\/IDM-Version-Non-Enregistre.png?resize=768%2C466&amp;ssl=1 768w, https:\/\/i0.wp.com\/www-idm.com\/wp-content\/uploads\/2022\/02\/IDM-Version-Non-Enregistre.png?resize=816%2C495&amp;ssl=1 816w\" sizes=\"auto, (max-width: 616px) 100vw, 616px\" \/><\/figure>\n<\/div>\n\n\n<h2 class=\"wp-block-heading\" id=\"comment-enregistrer-idm-avec-idm-trial-reset\">How to Register IDM with IDM Trial Reset<\/h2>\n\n\n\n<p class=\"translation-block\"><strong>Note<\/strong>: Non-Recommended method, use the <a href=\"\/en\/\" target=\"_self\">IDM crack<\/a> instead.<\/p>\n\n\n\n<ol class=\"wp-block-list\">\n<li>Close Internet Download Manager<\/li>\n\n\n\n<li>Launch <strong>IDM Trial Reset.exe<\/strong>, Aller dans l\u2019onglet \u00ab&nbsp;Register&nbsp;\u00bb et cliquer sur \u00ab&nbsp;Register IDM Now&nbsp;\u00bb. Entrer votre nom, cliquer sur OK et patienter que IDM Trial Reset cracke Internet Download Manager.<\/li>\n<\/ol>\n\n\n<div class=\"wp-block-image\">\n<figure class=\"aligncenter size-full\"><img data-recalc-dims=\"1\" loading=\"lazy\" decoding=\"async\" width=\"440\" height=\"363\" src=\"https:\/\/i0.wp.com\/www-idm.com\/wp-content\/uploads\/2022\/02\/Register-IDM.png?resize=440%2C363&#038;ssl=1\" alt=\"\" class=\"wp-image-1074\" srcset=\"https:\/\/i0.wp.com\/www-idm.com\/wp-content\/uploads\/2022\/02\/Register-IDM.png?w=440&amp;ssl=1 440w, https:\/\/i0.wp.com\/www-idm.com\/wp-content\/uploads\/2022\/02\/Register-IDM.png?resize=300%2C248&amp;ssl=1 300w\" sizes=\"auto, (max-width: 440px) 100vw, 440px\" \/><\/figure>\n<\/div>\n\n\n<ol start=\"3\" class=\"wp-block-list\">\n<li>Une fois que c\u2019est fait, vous aurez le message \u00ab&nbsp;IDM is registered now&nbsp;!&nbsp;\u00bb.<\/li>\n<\/ol>\n\n\n<div class=\"wp-block-image\">\n<figure class=\"aligncenter size-full\"><img data-recalc-dims=\"1\" loading=\"lazy\" decoding=\"async\" width=\"616\" height=\"373\" src=\"https:\/\/i0.wp.com\/www-idm.com\/wp-content\/uploads\/2022\/02\/IDM-Full.png?resize=616%2C373&#038;ssl=1\" alt=\"\" class=\"wp-image-1076\" srcset=\"https:\/\/i0.wp.com\/www-idm.com\/wp-content\/uploads\/2022\/02\/IDM-Full.png?w=965&amp;ssl=1 965w, https:\/\/i0.wp.com\/www-idm.com\/wp-content\/uploads\/2022\/02\/IDM-Full.png?resize=300%2C182&amp;ssl=1 300w, https:\/\/i0.wp.com\/www-idm.com\/wp-content\/uploads\/2022\/02\/IDM-Full.png?resize=768%2C466&amp;ssl=1 768w, https:\/\/i0.wp.com\/www-idm.com\/wp-content\/uploads\/2022\/02\/IDM-Full.png?resize=816%2C495&amp;ssl=1 816w\" sizes=\"auto, (max-width: 616px) 100vw, 616px\" \/><\/figure>\n<\/div>\n\n\n<h2 class=\"wp-block-heading\" id=\"tutoriel-video-idm-trial-reset-2022\">Tutoriel\u00a0 Video IDM Trial Reset 2025<\/h2>\n\n\n\n<div class=\"youtube-player\" data-id=\"80lZ0qAtQfA\">&nbsp;<\/div>\n\n\n\n<h2 class=\"wp-block-heading\" id=\"conclusion\">Conclusion<\/h2>\n\n\n\n<p>If you have any issues with IDM Trial Reset, please let me know in the comment form below or contact me.<\/p>\n\n<div style=\"font-size: 0px; height: 0px; line-height: 0px; margin: 0; padding: 0; clear: both;\"><\/div>","protected":false},"excerpt":{"rendered":"<p class=\"translation-block\">Today I present you a software that allows you to reset the trial version of any version of IDM. This is <strong>IDM Trial Reset<\/strong>.<\/p>","protected":false},"author":2,"featured_media":469,"parent":0,"menu_order":0,"comment_status":"closed","ping_status":"closed","template":"","meta":{"jetpack_post_was_ever_published":false,"footnotes":""},"class_list":["post-460","page","type-page","status-publish","has-post-thumbnail","hentry"],"yoast_head":"<!-- This site is optimized with the Yoast SEO plugin v27.3 - https:\/\/yoast.com\/product\/yoast-seo-wordpress\/ -->\n<title>T\u00e9l\u00e9charger IDM Trial Reset 2025 \u2013 Utiliser IDM Gratuit \u00e0 Vie<\/title>\n<meta name=\"description\" content=\"T\u00e9l\u00e9charger IDM Trial Reset 2025. Un outil gratuit pour r\u00e9initialiser la p\u00e9riode d&#039;essai de Internet Download Manager pour l&#039;utiliser gratuitement \u00e0 vie\" \/>\n<meta name=\"robots\" content=\"index, follow, max-snippet:-1, max-image-preview:large, max-video-preview:-1\" \/>\n<link rel=\"canonical\" href=\"https:\/\/www-idm.com\/en\/idm-trial-reset\/\" \/>\n<meta property=\"og:locale\" content=\"en_US\" \/>\n<meta property=\"og:type\" content=\"article\" \/>\n<meta property=\"og:title\" content=\"T\u00e9l\u00e9charger IDM Trial Reset 2025 \u2013 Utiliser IDM Gratuit \u00e0 Vie\" \/>\n<meta property=\"og:description\" content=\"T\u00e9l\u00e9charger IDM Trial Reset 2025. Un outil gratuit pour r\u00e9initialiser la p\u00e9riode d&#039;essai de Internet Download Manager pour l&#039;utiliser gratuitement \u00e0 vie\" \/>\n<meta property=\"og:url\" content=\"https:\/\/www-idm.com\/en\/idm-trial-reset\/\" \/>\n<meta property=\"og:site_name\" content=\"Internet Download Manager\" \/>\n<meta property=\"article:modified_time\" content=\"2024-12-15T14:41:55+00:00\" \/>\n<meta property=\"og:image\" content=\"https:\/\/www-idm.com\/wp-content\/uploads\/2019\/09\/T\u00e9l\u00e9charger-IDM-trial-Reset.png\" \/>\n\t<meta property=\"og:image:width\" content=\"1280\" \/>\n\t<meta property=\"og:image:height\" content=\"720\" \/>\n\t<meta property=\"og:image:type\" content=\"image\/png\" \/>\n<meta name=\"twitter:card\" content=\"summary_large_image\" \/>\n<meta name=\"twitter:label1\" content=\"Est. reading time\" \/>\n\t<meta name=\"twitter:data1\" content=\"3 minutes\" \/>\n<script type=\"application\/ld+json\" class=\"yoast-schema-graph\">{\"@context\":\"https:\\\/\\\/schema.org\",\"@graph\":[{\"@type\":\"WebPage\",\"@id\":\"https:\\\/\\\/www-idm.com\\\/idm-trial-reset\\\/\",\"url\":\"https:\\\/\\\/www-idm.com\\\/idm-trial-reset\\\/\",\"name\":\"T\u00e9l\u00e9charger IDM Trial Reset 2025 \u2013 Utiliser IDM Gratuit \u00e0 Vie\",\"isPartOf\":{\"@id\":\"https:\\\/\\\/www-idm.com\\\/#website\"},\"primaryImageOfPage\":{\"@id\":\"https:\\\/\\\/www-idm.com\\\/idm-trial-reset\\\/#primaryimage\"},\"image\":{\"@id\":\"https:\\\/\\\/www-idm.com\\\/idm-trial-reset\\\/#primaryimage\"},\"thumbnailUrl\":\"https:\\\/\\\/i0.wp.com\\\/www-idm.com\\\/wp-content\\\/uploads\\\/2019\\\/09\\\/T%C3%A9l%C3%A9charger-IDM-trial-Reset.png?fit=1280%2C720&ssl=1\",\"datePublished\":\"2024-01-01T13:47:00+00:00\",\"dateModified\":\"2024-12-15T14:41:55+00:00\",\"description\":\"T\u00e9l\u00e9charger IDM Trial Reset 2025. Un outil gratuit pour r\u00e9initialiser la p\u00e9riode d'essai de Internet Download Manager pour l'utiliser gratuitement \u00e0 vie\",\"breadcrumb\":{\"@id\":\"https:\\\/\\\/www-idm.com\\\/idm-trial-reset\\\/#breadcrumb\"},\"inLanguage\":\"en-US\",\"potentialAction\":[{\"@type\":\"ReadAction\",\"target\":[\"https:\\\/\\\/www-idm.com\\\/idm-trial-reset\\\/\"]}]},{\"@type\":\"ImageObject\",\"inLanguage\":\"en-US\",\"@id\":\"https:\\\/\\\/www-idm.com\\\/idm-trial-reset\\\/#primaryimage\",\"url\":\"https:\\\/\\\/i0.wp.com\\\/www-idm.com\\\/wp-content\\\/uploads\\\/2019\\\/09\\\/T%C3%A9l%C3%A9charger-IDM-trial-Reset.png?fit=1280%2C720&ssl=1\",\"contentUrl\":\"https:\\\/\\\/i0.wp.com\\\/www-idm.com\\\/wp-content\\\/uploads\\\/2019\\\/09\\\/T%C3%A9l%C3%A9charger-IDM-trial-Reset.png?fit=1280%2C720&ssl=1\",\"width\":1280,\"height\":720},{\"@type\":\"BreadcrumbList\",\"@id\":\"https:\\\/\\\/www-idm.com\\\/idm-trial-reset\\\/#breadcrumb\",\"itemListElement\":[{\"@type\":\"ListItem\",\"position\":1,\"name\":\"Accueil\",\"item\":\"https:\\\/\\\/www-idm.com\\\/\"},{\"@type\":\"ListItem\",\"position\":2,\"name\":\"T\u00e9l\u00e9charger IDM Trial Reset 2025 \u2013 Utiliser IDM Gratuit \u00e0 Vie\"}]},{\"@type\":\"WebSite\",\"@id\":\"https:\\\/\\\/www-idm.com\\\/#website\",\"url\":\"https:\\\/\\\/www-idm.com\\\/\",\"name\":\"Internet Download Manager\",\"description\":\"Accueil\",\"publisher\":{\"@id\":\"https:\\\/\\\/www-idm.com\\\/#organization\"},\"potentialAction\":[{\"@type\":\"SearchAction\",\"target\":{\"@type\":\"EntryPoint\",\"urlTemplate\":\"https:\\\/\\\/www-idm.com\\\/?s={search_term_string}\"},\"query-input\":{\"@type\":\"PropertyValueSpecification\",\"valueRequired\":true,\"valueName\":\"search_term_string\"}}],\"inLanguage\":\"en-US\"},{\"@type\":\"Organization\",\"@id\":\"https:\\\/\\\/www-idm.com\\\/#organization\",\"name\":\"Internet Download Manager\",\"url\":\"https:\\\/\\\/www-idm.com\\\/\",\"logo\":{\"@type\":\"ImageObject\",\"inLanguage\":\"en-US\",\"@id\":\"https:\\\/\\\/www-idm.com\\\/#\\\/schema\\\/logo\\\/image\\\/\",\"url\":\"https:\\\/\\\/i2.wp.com\\\/www-idm.com\\\/wp-content\\\/uploads\\\/2019\\\/11\\\/www-idm.com-logo.png?fit=500%2C500&ssl=1\",\"contentUrl\":\"https:\\\/\\\/i2.wp.com\\\/www-idm.com\\\/wp-content\\\/uploads\\\/2019\\\/11\\\/www-idm.com-logo.png?fit=500%2C500&ssl=1\",\"width\":500,\"height\":500,\"caption\":\"Internet Download Manager\"},\"image\":{\"@id\":\"https:\\\/\\\/www-idm.com\\\/#\\\/schema\\\/logo\\\/image\\\/\"}}]}<\/script>\n<!-- \/ Yoast SEO plugin. -->","yoast_head_json":{"title":"T\u00e9l\u00e9charger IDM Trial Reset 2025 \u2013 Utiliser IDM Gratuit \u00e0 Vie","description":"T\u00e9l\u00e9charger IDM Trial Reset 2025. Un outil gratuit pour r\u00e9initialiser la p\u00e9riode d'essai de Internet Download Manager pour l'utiliser gratuitement \u00e0 vie","robots":{"index":"index","follow":"follow","max-snippet":"max-snippet:-1","max-image-preview":"max-image-preview:large","max-video-preview":"max-video-preview:-1"},"canonical":"https:\/\/www-idm.com\/en\/idm-trial-reset\/","og_locale":"en_US","og_type":"article","og_title":"T\u00e9l\u00e9charger IDM Trial Reset 2025 \u2013 Utiliser IDM Gratuit \u00e0 Vie","og_description":"T\u00e9l\u00e9charger IDM Trial Reset 2025. Un outil gratuit pour r\u00e9initialiser la p\u00e9riode d'essai de Internet Download Manager pour l'utiliser gratuitement \u00e0 vie","og_url":"https:\/\/www-idm.com\/en\/idm-trial-reset\/","og_site_name":"Internet Download Manager","article_modified_time":"2024-12-15T14:41:55+00:00","og_image":[{"width":1280,"height":720,"url":"https:\/\/www-idm.com\/wp-content\/uploads\/2019\/09\/T\u00e9l\u00e9charger-IDM-trial-Reset.png","type":"image\/png"}],"twitter_card":"summary_large_image","twitter_misc":{"Est. reading time":"3 minutes"},"schema":{"@context":"https:\/\/schema.org","@graph":[{"@type":"WebPage","@id":"https:\/\/www-idm.com\/idm-trial-reset\/","url":"https:\/\/www-idm.com\/idm-trial-reset\/","name":"T\u00e9l\u00e9charger IDM Trial Reset 2025 \u2013 Utiliser IDM Gratuit \u00e0 Vie","isPartOf":{"@id":"https:\/\/www-idm.com\/#website"},"primaryImageOfPage":{"@id":"https:\/\/www-idm.com\/idm-trial-reset\/#primaryimage"},"image":{"@id":"https:\/\/www-idm.com\/idm-trial-reset\/#primaryimage"},"thumbnailUrl":"https:\/\/i0.wp.com\/www-idm.com\/wp-content\/uploads\/2019\/09\/T%C3%A9l%C3%A9charger-IDM-trial-Reset.png?fit=1280%2C720&ssl=1","datePublished":"2024-01-01T13:47:00+00:00","dateModified":"2024-12-15T14:41:55+00:00","description":"T\u00e9l\u00e9charger IDM Trial Reset 2025. Un outil gratuit pour r\u00e9initialiser la p\u00e9riode d'essai de Internet Download Manager pour l'utiliser gratuitement \u00e0 vie","breadcrumb":{"@id":"https:\/\/www-idm.com\/idm-trial-reset\/#breadcrumb"},"inLanguage":"en-US","potentialAction":[{"@type":"ReadAction","target":["https:\/\/www-idm.com\/idm-trial-reset\/"]}]},{"@type":"ImageObject","inLanguage":"en-US","@id":"https:\/\/www-idm.com\/idm-trial-reset\/#primaryimage","url":"https:\/\/i0.wp.com\/www-idm.com\/wp-content\/uploads\/2019\/09\/T%C3%A9l%C3%A9charger-IDM-trial-Reset.png?fit=1280%2C720&ssl=1","contentUrl":"https:\/\/i0.wp.com\/www-idm.com\/wp-content\/uploads\/2019\/09\/T%C3%A9l%C3%A9charger-IDM-trial-Reset.png?fit=1280%2C720&ssl=1","width":1280,"height":720},{"@type":"BreadcrumbList","@id":"https:\/\/www-idm.com\/idm-trial-reset\/#breadcrumb","itemListElement":[{"@type":"ListItem","position":1,"name":"Accueil","item":"https:\/\/www-idm.com\/"},{"@type":"ListItem","position":2,"name":"T\u00e9l\u00e9charger IDM Trial Reset 2025 \u2013 Utiliser IDM Gratuit \u00e0 Vie"}]},{"@type":"WebSite","@id":"https:\/\/www-idm.com\/#website","url":"https:\/\/www-idm.com\/","name":"Internet Download Manager","description":"Home","publisher":{"@id":"https:\/\/www-idm.com\/#organization"},"potentialAction":[{"@type":"SearchAction","target":{"@type":"EntryPoint","urlTemplate":"https:\/\/www-idm.com\/?s={search_term_string}"},"query-input":{"@type":"PropertyValueSpecification","valueRequired":true,"valueName":"search_term_string"}}],"inLanguage":"en-US"},{"@type":"Organization","@id":"https:\/\/www-idm.com\/#organization","name":"Internet Download Manager","url":"https:\/\/www-idm.com\/","logo":{"@type":"ImageObject","inLanguage":"en-US","@id":"https:\/\/www-idm.com\/#\/schema\/logo\/image\/","url":"https:\/\/i2.wp.com\/www-idm.com\/wp-content\/uploads\/2019\/11\/www-idm.com-logo.png?fit=500%2C500&ssl=1","contentUrl":"https:\/\/i2.wp.com\/www-idm.com\/wp-content\/uploads\/2019\/11\/www-idm.com-logo.png?fit=500%2C500&ssl=1","width":500,"height":500,"caption":"Internet Download Manager"},"image":{"@id":"https:\/\/www-idm.com\/#\/schema\/logo\/image\/"}}]}},"jetpack_sharing_enabled":true,"jetpack_shortlink":"https:\/\/wp.me\/PaMHKG-7q","_links":{"self":[{"href":"https:\/\/www-idm.com\/en\/wp-json\/wp\/v2\/pages\/460","targetHints":{"allow":["GET"]}}],"collection":[{"href":"https:\/\/www-idm.com\/en\/wp-json\/wp\/v2\/pages"}],"about":[{"href":"https:\/\/www-idm.com\/en\/wp-json\/wp\/v2\/types\/page"}],"author":[{"embeddable":true,"href":"https:\/\/www-idm.com\/en\/wp-json\/wp\/v2\/users\/2"}],"replies":[{"embeddable":true,"href":"https:\/\/www-idm.com\/en\/wp-json\/wp\/v2\/comments?post=460"}],"version-history":[{"count":3,"href":"https:\/\/www-idm.com\/en\/wp-json\/wp\/v2\/pages\/460\/revisions"}],"predecessor-version":[{"id":1413,"href":"https:\/\/www-idm.com\/en\/wp-json\/wp\/v2\/pages\/460\/revisions\/1413"}],"wp:featuredmedia":[{"embeddable":true,"href":"https:\/\/www-idm.com\/en\/wp-json\/wp\/v2\/media\/469"}],"wp:attachment":[{"href":"https:\/\/www-idm.com\/en\/wp-json\/wp\/v2\/media?parent=460"}],"curies":[{"name":"wp","href":"https:\/\/api.w.org\/{rel}","templated":true}]}}